{"id":2550,"date":"2017-09-26T08:41:11","date_gmt":"2017-09-26T08:41:11","guid":{"rendered":"https:\/\/mariasolozobova.ch\/?page_id=2550"},"modified":"2020-03-15T20:20:05","modified_gmt":"2020-03-15T20:20:05","slug":"biographie","status":"publish","type":"page","link":"https:\/\/mariasolozobova.ch\/?page_id=2550","title":{"rendered":"02_1_Biographie"},"content":{"rendered":"<div class=\"wpb-content-wrapper\"><p>[vc_row][vc_column offset=&#8220;vc_col-lg-offset-0 vc_col-md-offset-0 vc_col-sm-offset-0 vc_hidden-xs&#8220;][vc_empty_space height=&#8220;35px&#8220;][vc_single_image image=&#8220;2742&#8243; img_size=&#8220;full&#8220; alignment=&#8220;center&#8220;][\/vc_column][\/vc_row][vc_row][vc_column offset=&#8220;vc_col-lg-offset-0 vc_hidden-lg vc_col-md-offset-0 vc_hidden-md vc_col-sm-offset-0 vc_hidden-sm&#8220;][vc_empty_space height=&#8220;70px&#8220;][vc_single_image image=&#8220;2742&#8243; img_size=&#8220;full&#8220; alignment=&#8220;center&#8220;][\/vc_column][\/vc_row][vc_row][vc_column][vc_column_text]<\/p>\n<p style=\"text-align: center;\"><a href=\"https:\/\/mariasolozobova.ch\/biography\/\">english<\/a> | <a href=\"https:\/\/mariasolozobova.ch\/biographie\/\">deutsch<\/a><\/p>\n<p>[\/vc_column_text][\/vc_column][\/vc_row][vc_row][vc_column width=&#8220;1\/4&#8243;][\/vc_column][vc_column width=&#8220;1\/2&#8243;][vc_custom_heading text=&#8220;\u00ab\u2026Ein wunderbares Talent mit lebendigem Temperament, virtuosem Glanz und sehr hohem professionellem Niveau \u2026\u00bb&#8220; font_container=&#8220;tag:p|font_size:25|text_align:center|line_height:1.5&#8243; google_fonts=&#8220;font_family:Playfair%20Display%3Aregular%2Citalic%2C700%2C700italic%2C900%2C900italic|font_style:400%20regular%3A400%3Anormal&#8220;][vc_column_text]<\/p>\n<p style=\"text-align: center;\"><em>Yehudi Menuhin<\/em><\/p>\n<p>[\/vc_column_text][vc_empty_space height=&#8220;20px&#8220;][vc_column_text]Maria Solozobova z\u00e4hlt zu den herausragenden Violinistinnen ihrer Generation. Ihre glanzvolle Karriere f\u00fchrte sie bereits in die besten Konzerts\u00e4le der Welt, darunter der Tonhalle Z\u00fcrich, das Stadtcasino Basel, die Victoria Hall Genf, die Berliner und die K\u00f6lner Philharmonie, der gro\u00dfe Saal des Tschaikowsky-Konservatoriums Moskau, das Konzerthaus Wien, die Philharmonie-Halle Lubljana und viele andere. Solozobova arbeitet regelm\u00e4ssig weltweit mit den renommiertesten Dirigenten wie Vladimir Spivakov, Vladimir Fedoseyev, David Zinman, Daniel Raiskin, Yuri Bashmet, Vladimir Jurowski, Muhai Tang, Peter Csaba, Howard Griffiths, Michail Hofstetter und vielen anderen zusammen. Als Solistin und Kammermusikinterpretin gastiert sie bei den bedeutendsten Festivals weltweit und tritt mit den grossartigsten K\u00fcnstlern auf. Martha Argerich, Mischa Maisky, Yuri Bashmet, Maria Joao Pires, Vladimir Ashkenazy, Sol Gabetta und Mikhail Pletnev z\u00e4hlt sie zu Ihren musikalischen Partnern.<\/p>\n<p>Zahlreiche Tourneen f\u00fchrten Maria Solozobova durch Taiwan, Japan, S\u00fcd Afrika, Argentinien, die USA, Norwegen, \u00d6sterreich, die Schweiz, Deutschland, Italien, Spanien, Zypern, die T\u00fcrkei, Slowenien, Rum\u00e4nien und Russland. Dabei konzertierte sie unter anderem mit der Philharmonie Baden-Baden, dem Taipei Philharmonic Orchestra, Cape Town Philharmonic Orchestra,\u00a0 Sinfonieorchester Basel, Z\u00fcrcher Kammerorchester, Festival Strings Lucerne, Sinfonisches Orchester Z\u00fcrich, Orchestre de Chambre de Gen\u00e8ve, Orchestre de la Suisse Romande, Philharmonie Orchester Ljubljana, &#8222;George Enescu&#8220;\u00a0<em>Philharmonic Orchestra<\/em><em>,<\/em>\u00a0\u201eMoscow Philharmonic Orchestra\u201c sowie dem Tschaikowsky Symphonieorchester Moskau und andere.<\/p>\n<p>Maria Solozobova wurde in Moskau geboren und lebt heute in der Schweiz. Schon als Kind verbl\u00fcffte sie durch ihr herausragendes musikalisches Talent und re\u00fcssierte bereits im Alter von zehn Jahren durch den Gewinn des ersten Preises des bedeutendsten nationalen Musikwettbewerbs Russlands. Nach dem Besuch des Moskauer Musikgymnasiums \u201eGnessin\u201c f\u00fcr hochbegabte Kinder setzte sie ihre Studien am ber\u00fchmten Moskauer Tschaikowsky-Konservatorium (Konzertdiplom \u201emit Auszeichnung\u201c) und an der Hochschule f\u00fcr Musik und Theater in Z\u00fcrich bei Prof. Zakhar Bron fort. Der Abschluss ihres Studiums erfolgte an der Musikakademie Basel bei Prof. Raphael Oleg (Solistendiplom \u201emit Auszeichnung\u201c).<\/p>\n<p>&nbsp;<\/p>\n<p>Bereits w\u00e4hrend des Studiums war Solozobova als erste Konzertmeisterin beim Orchestre de la Suisse Romande t\u00e4tig. Sie ist Gewinnerin renommierter internationaler Musikwettbewerbe, so unter anderem des Johannes Brahms Wettbewerbs in \u00d6sterreich (erster Preis sowie Special Audience Price 2000), des W. A. Mozart-Wettbewerbs in Z\u00fcrich (erster Preis 2005) sowie des Violinwettbewerbs Tibor Varga oder auch des Rodolfo Lipziger Prize.<\/p>\n<p>Bereits ihre im Jahr 2007 beim Label \u201eAntes\u201c (Bella Musika Edition) erschienene Deb\u00fct-CD mit Werken von Peter Tschaikowsky und Heinrich Wilhelm Ernst wurde von der internationalen Presse mit Begeisterung aufgenommen. 2011 folgte eine Einspielung ausgew\u00e4hlter Werke von Josef Haydn, Johann Sebastian Bach und Antonio Vivaldi f\u00fcr dasselbe Label. \u201eIhr moderner Stil wird mit Bestimmtheit auch zuk\u00fcnftige Generationen ansprechen\u201c, schrieb die NZZ (Neue Z\u00fcrcher Zeitung) \u00fcber diese Produktion. 2013 erscheint ihre gemeinsam mit dem Cape Philharmonic Orchestra aufgenommene neue CD \u201e Paganini\u201c mit Niccol\u00f2 Paganinis Violinkonzert Nr.1 und den Variationen f\u00fcr Violine Solo \u201eNel cor piu non me sento\u201c (Label: Bella Musica).<\/p>\n<p>Maria Solozobova hat die romantsischen Violinkonzerte von Paul Juon und Hans Huber im Jahr 2015 entdeckt, mit dem Collegium Musicum Basel unter der Leitung von Kevin Griffiths uraufgef\u00fchrt und als CD bei SONY Classical aufgenommen (2017).<\/p>\n<p>2012 gr\u00fcndete Maria Solozobova als K\u00fcnstlerische Leiterin die internationale Konzertreihe \u00abClassical Highlights\u00bb Z\u00fcrich mit vier Auff\u00fchrungen j\u00e4hrlich, die in herausragenden Konzerts\u00e4len der Schweiz stattfinden. Eingebettet in ein Rahmenprogramm mit bildenden K\u00fcnstlern und Literaten bildet sie einen faszinierenden Begegnungsort f\u00fcr herausragende Orchester mit den renommiertesten jungen Solisten und Dirigenten weltweit.<\/p>\n<p>Das mitrei\u00dfende Zusammenwirken von kraftvoller Virtuosit\u00e4t und spontaner Gestaltungsfreude mit warmer Klangsch\u00f6nheit, Eleganz und gro\u00dfem interpretatorischen Tiefgang kennzeichnen das Spiel von Maria Solozobova. Dabei reicht ihr Repertoire vom Barock \u00fcber die Klassik und Romantik bis hin zu zeitgen\u00f6ssischer Musik. In der n\u00e4chsten Saison ist sie in verschiedenen L\u00e4ndern Europas, in den USA sowie auf dem afrikanischen Kontinent zu h\u00f6ren. Sie spielt auf italienischen Violinen von Nicolo Gagliano (1728). Seit 2015 unterrichtet Maria Solozobova an der University of Music in Lausanne.[\/vc_column_text][vc_separator][vc_column_text]<\/p>\n<p style=\"text-align: right;\"><a href=\"https:\/\/mariasolozobova.ch\/wp-content\/uploads\/2017\/09\/solozobova_presskit.zip\">Download Press Kit<\/a><br \/>\n(Fotos und Biographie)<\/p>\n<p>[\/vc_column_text][\/vc_column][vc_column width=&#8220;1\/4&#8243;][\/vc_column][\/vc_row]<\/p>\n<\/div>","protected":false},"excerpt":{"rendered":"<p>[vc_row][vc_column offset=&#8220;vc_col-lg-offset-0 vc_col-md-offset-0 vc_col-sm-offset-0 vc_hidden-xs&#8220;][vc_empty_space height=&#8220;35px&#8220;][vc_single_image image=&#8220;2742&#8243; img_size=&#8220;full&#8220; alignment=&#8220;center&#8220;][\/vc_column][\/vc_row][vc_row][vc_column offset=&#8220;vc_col-lg-offset-0 vc_hidden-lg vc_col-md-offset-0 vc_hidden-md vc_col-sm-offset-0 vc_hidden-sm&#8220;][vc_empty_space height=&#8220;70px&#8220;][vc_single_image image=&#8220;2742&#8243; img_size=&#8220;full&#8220; alignment=&#8220;center&#8220;][\/vc_column][\/vc_row][vc_row][vc_column][vc_column_text] english | deutsch [\/vc_column_text][\/vc_column][\/vc_row][vc_row][vc_column width=&#8220;1\/4&#8243;][\/vc_column][vc_column width=&#8220;1\/2&#8243;][vc_custom_heading text=&#8220;\u00ab\u2026Ein wunderbares Talent mit lebendigem Temperament, virtuosem Glanz und sehr hohem professionellem Niveau \u2026\u00bb&#8220; font_container=&#8220;tag:p|font_size:25|text_align:center|line_height:1.5&#8243;&#8230;<\/p>\n","protected":false},"author":1,"featured_media":0,"parent":0,"menu_order":0,"comment_status":"closed","ping_status":"closed","template":"template-visual-composer.php","meta":{"footnotes":""},"class_list":["post-2550","page","type-page","status-publish","hentry"],"_links":{"self":[{"href":"https:\/\/mariasolozobova.ch\/index.php?rest_route=\/wp\/v2\/pages\/2550"}],"collection":[{"href":"https:\/\/mariasolozobova.ch\/index.php?rest_route=\/wp\/v2\/pages"}],"about":[{"href":"https:\/\/mariasolozobova.ch\/index.php?rest_route=\/wp\/v2\/types\/page"}],"author":[{"embeddable":true,"href":"https:\/\/mariasolozobova.ch\/index.php?rest_route=\/wp\/v2\/users\/1"}],"replies":[{"embeddable":true,"href":"https:\/\/mariasolozobova.ch\/index.php?rest_route=%2Fwp%2Fv2%2Fcomments&post=2550"}],"version-history":[{"count":33,"href":"https:\/\/mariasolozobova.ch\/index.php?rest_route=\/wp\/v2\/pages\/2550\/revisions"}],"predecessor-version":[{"id":3048,"href":"https:\/\/mariasolozobova.ch\/index.php?rest_route=\/wp\/v2\/pages\/2550\/revisions\/3048"}],"wp:attachment":[{"href":"https:\/\/mariasolozobova.ch\/index.php?rest_route=%2Fwp%2Fv2%2Fmedia&parent=2550"}],"curies":[{"name":"wp","href":"https:\/\/api.w.org\/{rel}","templated":true}]}}